{"id":96,"date":"2025-01-20T16:45:36","date_gmt":"2025-01-20T16:45:36","guid":{"rendered":"https:\/\/hosfrkflugt.dk\/velkommen\/?page_id=96"},"modified":"2025-01-29T20:03:08","modified_gmt":"2025-01-29T20:03:08","slug":"ophold-paa-gaarden","status":"publish","type":"page","link":"https:\/\/hosfrkflugt.dk\/velkommen\/?page_id=96","title":{"rendered":"Ophold p\u00e5 g\u00e5rden"},"content":{"rendered":"\n<p>I juni, juli og august er der mulighed for at booke ophold p\u00e5 g\u00e5rden enten i campingvogn eller i shelter. Hvis du gerne vil overnatte f\u00f8r eller efter perioden kan det arrangeres efter aftale. Der er desuden mulighed for bespisning efter aftale<\/p>\n\n\n\n<figure class=\"wp-block-image aligncenter size-large\"><img loading=\"lazy\" decoding=\"async\" width=\"1024\" height=\"485\" src=\"https:\/\/hosfrkflugt.dk\/velkommen\/wp-content\/uploads\/2025\/01\/20240719_133432-1024x485.jpg\" alt=\"\" class=\"wp-image-117\" srcset=\"https:\/\/hosfrkflugt.dk\/velkommen\/wp-content\/uploads\/2025\/01\/20240719_133432-1024x485.jpg 1024w, https:\/\/hosfrkflugt.dk\/velkommen\/wp-content\/uploads\/2025\/01\/20240719_133432-300x142.jpg 300w, https:\/\/hosfrkflugt.dk\/velkommen\/wp-content\/uploads\/2025\/01\/20240719_133432-2000x946.jpg 2000w\" sizes=\"auto, (max-width: 1024px) 100vw, 1024px\" \/><\/figure>\n\n\n\n<p>Campingvogn &#8211; 1 dobbeltseng + 1 enkeltseng (opredt); fortelt, kogeplade, kaffemaskine, elkedel, k\u00f8leskab og airfryer<\/p>\n\n\n\n<figure class=\"wp-block-table\"><table class=\"has-fixed-layout\"><tbody><tr><td class=\"has-text-align-center\" data-align=\"center\">per dag<\/td><td class=\"has-text-align-center\" data-align=\"center\">300 kr.<\/td><\/tr><tr><td class=\"has-text-align-center\" data-align=\"center\">3 dage<\/td><td class=\"has-text-align-center\" data-align=\"center\">800 kr.<\/td><\/tr><tr><td class=\"has-text-align-center\" data-align=\"center\">5 dage<\/td><td class=\"has-text-align-center\" data-align=\"center\">1300 kr.<\/td><\/tr><tr><td class=\"has-text-align-center\" data-align=\"center\">s\u00f8ndag (kl. 12) til s\u00f8ndag (kl. 10) <\/td><td class=\"has-text-align-center\" data-align=\"center\">1500 kr.<\/td><\/tr><\/tbody><\/table><\/figure>\n\n\n\n<p>Shelter &#8211; i shelteret er der 2 underlag, et sejl, lille kuglegrill og adgang til br\u00e6nde<\/p>\n\n\n\n<figure class=\"wp-block-table\"><table class=\"has-fixed-layout\"><tbody><tr><td class=\"has-text-align-center\" data-align=\"center\">per dag<\/td><td class=\"has-text-align-center\" data-align=\"center\">100 kr.<\/td><\/tr><\/tbody><\/table><\/figure>\n\n\n\n<p>Ledige datoer<br><\/p>\n\n\n\n<iframe loading=\"lazy\" src=\"https:\/\/calendar.google.com\/calendar\/embed?src=5c9e39e70c74a1c566eec27cba9aa84917b58dd84dda569bcd499d11dd22f518%40group.calendar.google.com&#038;ctz=Europe%2FCopenhagen\" style=\"border: 0\" width=\"800\" height=\"600\" frameborder=\"0\" scrolling=\"no\"><\/iframe>\n","protected":false},"excerpt":{"rendered":"<p>I juni, juli og august er der mulighed for at booke ophold p\u00e5 g\u00e5rden enten i campingvogn eller i shelter. Hvis du gerne vil overnatte f\u00f8r eller efter perioden kan det arrangeres efter aftale. Der er desuden mulighed for bespisning efter aftale Campingvogn &#8211; 1 dobbeltseng + 1 enkeltseng (opredt); fortelt, kogeplade, kaffemaskine, elkedel, k\u00f8leskab &hellip; <\/p>\n<p class=\"link-more\"><a href=\"https:\/\/hosfrkflugt.dk\/velkommen\/?page_id=96\" class=\"more-link\">L\u00e6s mere<span class=\"screen-reader-text\"> \u201cOphold p\u00e5 g\u00e5rden\u201d<\/span><\/a><\/p>\n","protected":false},"author":1,"featured_media":0,"parent":9,"menu_order":0,"comment_status":"closed","ping_status":"closed","template":"","meta":{"footnotes":""},"class_list":["post-96","page","type-page","status-publish","hentry"],"_links":{"self":[{"href":"https:\/\/hosfrkflugt.dk\/velkommen\/index.php?rest_route=\/wp\/v2\/pages\/96","targetHints":{"allow":["GET"]}}],"collection":[{"href":"https:\/\/hosfrkflugt.dk\/velkommen\/index.php?rest_route=\/wp\/v2\/pages"}],"about":[{"href":"https:\/\/hosfrkflugt.dk\/velkommen\/index.php?rest_route=\/wp\/v2\/types\/page"}],"author":[{"embeddable":true,"href":"https:\/\/hosfrkflugt.dk\/velkommen\/index.php?rest_route=\/wp\/v2\/users\/1"}],"replies":[{"embeddable":true,"href":"https:\/\/hosfrkflugt.dk\/velkommen\/index.php?rest_route=%2Fwp%2Fv2%2Fcomments&post=96"}],"version-history":[{"count":18,"href":"https:\/\/hosfrkflugt.dk\/velkommen\/index.php?rest_route=\/wp\/v2\/pages\/96\/revisions"}],"predecessor-version":[{"id":198,"href":"https:\/\/hosfrkflugt.dk\/velkommen\/index.php?rest_route=\/wp\/v2\/pages\/96\/revisions\/198"}],"up":[{"embeddable":true,"href":"https:\/\/hosfrkflugt.dk\/velkommen\/index.php?rest_route=\/wp\/v2\/pages\/9"}],"wp:attachment":[{"href":"https:\/\/hosfrkflugt.dk\/velkommen\/index.php?rest_route=%2Fwp%2Fv2%2Fmedia&parent=96"}],"curies":[{"name":"wp","href":"https:\/\/api.w.org\/{rel}","templated":true}]}}