{"id":9,"date":"2025-01-12T16:09:54","date_gmt":"2025-01-12T16:09:54","guid":{"rendered":"https:\/\/hosfrkflugt.dk\/velkommen\/?page_id=9"},"modified":"2025-01-29T20:03:40","modified_gmt":"2025-01-29T20:03:40","slug":"homepage","status":"publish","type":"page","link":"https:\/\/hosfrkflugt.dk\/velkommen\/","title":{"rendered":"Hos frk. Flugt"},"content":{"rendered":"\n<div class=\"wp-block-cover alignfull is-light\" style=\"min-height:100vh;aspect-ratio:unset;\"><span aria-hidden=\"true\" class=\"wp-block-cover__background has-background-dim-20 has-background-dim\" style=\"background-color:#8d9491\"><\/span><img loading=\"lazy\" decoding=\"async\" width=\"2560\" height=\"1211\" class=\"wp-block-cover__image-background wp-image-47\" alt=\"\" src=\"https:\/\/hosfrkflugt.dk\/velkommen\/wp-content\/uploads\/2025\/01\/20240803_092122-scaled.jpg\" data-object-fit=\"cover\" srcset=\"https:\/\/hosfrkflugt.dk\/velkommen\/wp-content\/uploads\/2025\/01\/20240803_092122-scaled.jpg 2560w, https:\/\/hosfrkflugt.dk\/velkommen\/wp-content\/uploads\/2025\/01\/20240803_092122-300x142.jpg 300w, https:\/\/hosfrkflugt.dk\/velkommen\/wp-content\/uploads\/2025\/01\/20240803_092122-1024x485.jpg 1024w, https:\/\/hosfrkflugt.dk\/velkommen\/wp-content\/uploads\/2025\/01\/20240803_092122-2000x946.jpg 2000w\" sizes=\"auto, (max-width: 2560px) 100vw, 2560px\" \/><div class=\"wp-block-cover__inner-container has-global-padding is-layout-constrained wp-block-cover-is-layout-constrained\">\n<p class=\"has-text-align-center has-white-color has-text-color has-max-60-font-size\" style=\"font-style:normal;font-weight:900;line-height:1.2\">Natur &amp; h\u00e5ndv\u00e6rk<\/p>\n\n\n\n<p class=\"has-text-align-center has-white-color has-text-color has-medium-font-size\"><strong>Bes\u00f8g g\u00e5rden i B\u00f8vl og kom t\u00e6t p\u00e5 natur, dyr og h\u00e5ndv\u00e6rk<\/strong><\/p>\n<\/div><\/div>\n\n\n\n<div class=\"wp-block-group has-global-padding is-layout-constrained wp-block-group-is-layout-constrained\">\n<div style=\"height:57px\" aria-hidden=\"true\" class=\"wp-block-spacer\"><\/div>\n\n\n\n<h2 class=\"wp-block-heading has-text-align-center has-medium-font-size\" style=\"letter-spacing:1px\">P\u00e5 sl\u00e6gtsg\u00e5rden midt i Jylland kan du pr\u00f8ve kr\u00e6fter med at spinde, passe dyr og meget mere<\/h2>\n\n\n\n<p class=\"has-text-align-center\">Her kan du l\u00e6re om forarbejdning af uld fra f\u00e5r til garn, tilberedningen af h\u00f8r, honningh\u00f8stning og om pasningen af dyrene. I sommerperioden kan du ogs\u00e5 tage et ophold p\u00e5 g\u00e5rden og v\u00e6re med i de daglige g\u00f8rem\u00e5l &#8211; eller bare holde en helt rolig ferie langt fra larm og uro<\/p>\n\n\n\n<div class=\"wp-block-buttons is-horizontal is-content-justification-center is-layout-flex wp-container-core-buttons-is-layout-03627597 wp-block-buttons-is-layout-flex\">\n<div class=\"wp-block-button has-custom-font-size is-style-fill has-small-font-size\"><a class=\"wp-block-button__link wp-element-button\" href=\"https:\/\/hosfrkflugt.dk\/velkommen\/?page_id=27\u2197\" style=\"border-radius:0px\">Se kursusdatoer<\/a><\/div>\n\n\n\n<div class=\"wp-block-button has-custom-font-size is-style-fill has-small-font-size\"><a class=\"wp-block-button__link wp-element-button\" href=\"https:\/\/hosfrkflugt.dk\/velkommen\/?page_id=96\u2197\" style=\"border-radius:0px\">Se muligheder for ophold<\/a><\/div>\n<\/div>\n<\/div>\n\n\n\n<div class=\"wp-block-group alignfull pattern_multiple_covers has-background has-global-padding is-layout-constrained wp-block-group-is-layout-constrained\" id=\"services\" style=\"background-color:#f8f8f8\">\n<h2 class=\"wp-block-heading has-text-align-left\">Aktiviteter p\u00e5 g\u00e5rden<\/h2>\n\n\n\n<p class=\"has-text-align-left\">P\u00e5 g\u00e5rden kan du deltage i flere forskellige aktiviteter. Jeg afholder kurser hele \u00e5ret rundt i forarbejdning af uld, og hvordan man spinder det til garn. Derudover kan du om sommeren overnatte og deltage i forskellige aktiviteter eller bare holde helt fri. Der er mulighed for at komme med ud og bes\u00f8ge bistaderne og h\u00f8ste honning, eller du v\u00e6re med i de daglige g\u00f8rem\u00e5l med at passe de forskellige dyr p\u00e5 g\u00e5rden. Endelig er der mulighed for at v\u00e6re kreativ med filtning &#8211; her f\u00e5r du adgang til materialer og vejledning, s\u00e5 du selv kan lave et minde, du kan tage med hjem.<\/p>\n\n\n\n<div style=\"height:46px\" aria-hidden=\"true\" class=\"wp-block-spacer\"><\/div>\n\n\n\n<div class=\"wp-block-columns is-layout-flex wp-container-core-columns-is-layout-28f84493 wp-block-columns-is-layout-flex\">\n<div class=\"wp-block-column is-layout-flow wp-block-column-is-layout-flow\" style=\"padding-top:0;padding-right:0;padding-bottom:0;padding-left:0\">\n<figure class=\"wp-block-image size-large\"><img loading=\"lazy\" decoding=\"async\" width=\"485\" height=\"1024\" src=\"https:\/\/hosfrkflugt.dk\/velkommen\/wp-content\/uploads\/2025\/01\/Bier-2-485x1024.jpg\" alt=\"\" class=\"wp-image-102\" srcset=\"https:\/\/hosfrkflugt.dk\/velkommen\/wp-content\/uploads\/2025\/01\/Bier-2-485x1024.jpg 485w, https:\/\/hosfrkflugt.dk\/velkommen\/wp-content\/uploads\/2025\/01\/Bier-2-142x300.jpg 142w, https:\/\/hosfrkflugt.dk\/velkommen\/wp-content\/uploads\/2025\/01\/Bier-2-scaled.jpg 1211w\" sizes=\"auto, (max-width: 485px) 100vw, 485px\" \/><\/figure>\n<\/div>\n\n\n\n<div class=\"wp-block-column is-layout-flow wp-block-column-is-layout-flow\" style=\"padding-top:0;padding-right:0;padding-bottom:0;padding-left:0\">\n<figure class=\"wp-block-image size-large\"><img loading=\"lazy\" decoding=\"async\" width=\"485\" height=\"1024\" src=\"https:\/\/hosfrkflugt.dk\/velkommen\/wp-content\/uploads\/2025\/01\/Cassiopaia-3-485x1024.jpg\" alt=\"\" class=\"wp-image-104\" srcset=\"https:\/\/hosfrkflugt.dk\/velkommen\/wp-content\/uploads\/2025\/01\/Cassiopaia-3-485x1024.jpg 485w, https:\/\/hosfrkflugt.dk\/velkommen\/wp-content\/uploads\/2025\/01\/Cassiopaia-3-142x300.jpg 142w, https:\/\/hosfrkflugt.dk\/velkommen\/wp-content\/uploads\/2025\/01\/Cassiopaia-3-scaled.jpg 1211w\" sizes=\"auto, (max-width: 485px) 100vw, 485px\" \/><\/figure>\n<\/div>\n\n\n\n<div class=\"wp-block-column is-layout-flow wp-block-column-is-layout-flow\" style=\"padding-top:0;padding-right:0;padding-bottom:0;padding-left:0\">\n<figure class=\"wp-block-image size-large\"><img loading=\"lazy\" decoding=\"async\" width=\"485\" height=\"1024\" src=\"https:\/\/hosfrkflugt.dk\/velkommen\/wp-content\/uploads\/2025\/01\/silke-1-485x1024.jpg\" alt=\"\" class=\"wp-image-107\" srcset=\"https:\/\/hosfrkflugt.dk\/velkommen\/wp-content\/uploads\/2025\/01\/silke-1-485x1024.jpg 485w, https:\/\/hosfrkflugt.dk\/velkommen\/wp-content\/uploads\/2025\/01\/silke-1-142x300.jpg 142w, https:\/\/hosfrkflugt.dk\/velkommen\/wp-content\/uploads\/2025\/01\/silke-1-scaled.jpg 1212w\" sizes=\"auto, (max-width: 485px) 100vw, 485px\" \/><\/figure>\n<\/div>\n<\/div>\n\n\n\n<div style=\"height:103px\" aria-hidden=\"true\" class=\"wp-block-spacer\"><\/div>\n<\/div>\n\n\n\n<h2 class=\"wp-block-heading\">F\u00f8lg med i aktiviteter og livet p\u00e5 g\u00e5rden<\/h2>\n\n\n\n<ul class=\"wp-block-social-links aligncenter has-large-icon-size is-content-justification-center is-layout-flex wp-container-core-social-links-is-layout-a89b3969 wp-block-social-links-is-layout-flex\"><li class=\"wp-social-link wp-social-link-instagram  wp-block-social-link\"><a href=\"https:\/\/www.instagram.com\/hos_frk_flugt?utm_source=ig_web_button_share_sheet&#038;igsh=ZDNlZDc0MzIxNw==\" class=\"wp-block-social-link-anchor\"><svg width=\"24\" height=\"24\" viewBox=\"0 0 24 24\" version=\"1.1\" xmlns=\"http:\/\/www.w3.org\/2000\/svg\" aria-hidden=\"true\" focusable=\"false\"><path d=\"M12,4.622c2.403,0,2.688,0.009,3.637,0.052c0.877,0.04,1.354,0.187,1.671,0.31c0.42,0.163,0.72,0.358,1.035,0.673 c0.315,0.315,0.51,0.615,0.673,1.035c0.123,0.317,0.27,0.794,0.31,1.671c0.043,0.949,0.052,1.234,0.052,3.637 s-0.009,2.688-0.052,3.637c-0.04,0.877-0.187,1.354-0.31,1.671c-0.163,0.42-0.358,0.72-0.673,1.035 c-0.315,0.315-0.615,0.51-1.035,0.673c-0.317,0.123-0.794,0.27-1.671,0.31c-0.949,0.043-1.233,0.052-3.637,0.052 s-2.688-0.009-3.637-0.052c-0.877-0.04-1.354-0.187-1.671-0.31c-0.42-0.163-0.72-0.358-1.035-0.673 c-0.315-0.315-0.51-0.615-0.673-1.035c-0.123-0.317-0.27-0.794-0.31-1.671C4.631,14.688,4.622,14.403,4.622,12 s0.009-2.688,0.052-3.637c0.04-0.877,0.187-1.354,0.31-1.671c0.163-0.42,0.358-0.72,0.673-1.035 c0.315-0.315,0.615-0.51,1.035-0.673c0.317-0.123,0.794-0.27,1.671-0.31C9.312,4.631,9.597,4.622,12,4.622 M12,3 C9.556,3,9.249,3.01,8.289,3.054C7.331,3.098,6.677,3.25,6.105,3.472C5.513,3.702,5.011,4.01,4.511,4.511 c-0.5,0.5-0.808,1.002-1.038,1.594C3.25,6.677,3.098,7.331,3.054,8.289C3.01,9.249,3,9.556,3,12c0,2.444,0.01,2.751,0.054,3.711 c0.044,0.958,0.196,1.612,0.418,2.185c0.23,0.592,0.538,1.094,1.038,1.594c0.5,0.5,1.002,0.808,1.594,1.038 c0.572,0.222,1.227,0.375,2.185,0.418C9.249,20.99,9.556,21,12,21s2.751-0.01,3.711-0.054c0.958-0.044,1.612-0.196,2.185-0.418 c0.592-0.23,1.094-0.538,1.594-1.038c0.5-0.5,0.808-1.002,1.038-1.594c0.222-0.572,0.375-1.227,0.418-2.185 C20.99,14.751,21,14.444,21,12s-0.01-2.751-0.054-3.711c-0.044-0.958-0.196-1.612-0.418-2.185c-0.23-0.592-0.538-1.094-1.038-1.594 c-0.5-0.5-1.002-0.808-1.594-1.038c-0.572-0.222-1.227-0.375-2.185-0.418C14.751,3.01,14.444,3,12,3L12,3z M12,7.378 c-2.552,0-4.622,2.069-4.622,4.622S9.448,16.622,12,16.622s4.622-2.069,4.622-4.622S14.552,7.378,12,7.378z M12,15 c-1.657,0-3-1.343-3-3s1.343-3,3-3s3,1.343,3,3S13.657,15,12,15z M16.804,6.116c-0.596,0-1.08,0.484-1.08,1.08 s0.484,1.08,1.08,1.08c0.596,0,1.08-0.484,1.08-1.08S17.401,6.116,16.804,6.116z\"><\/path><\/svg><span class=\"wp-block-social-link-label screen-reader-text\">Instagram<\/span><\/a><\/li>\n\n<li class=\"wp-social-link wp-social-link-facebook  wp-block-social-link\"><a href=\"https:\/\/www.facebook.com\/profile.php?id=61562840232760\" class=\"wp-block-social-link-anchor\"><svg width=\"24\" height=\"24\" viewBox=\"0 0 24 24\" version=\"1.1\" xmlns=\"http:\/\/www.w3.org\/2000\/svg\" aria-hidden=\"true\" focusable=\"false\"><path d=\"M12 2C6.5 2 2 6.5 2 12c0 5 3.7 9.1 8.4 9.9v-7H7.9V12h2.5V9.8c0-2.5 1.5-3.9 3.8-3.9 1.1 0 2.2.2 2.2.2v2.5h-1.3c-1.2 0-1.6.8-1.6 1.6V12h2.8l-.4 2.9h-2.3v7C18.3 21.1 22 17 22 12c0-5.5-4.5-10-10-10z\"><\/path><\/svg><span class=\"wp-block-social-link-label screen-reader-text\">Facebook<\/span><\/a><\/li>\n\n<li class=\"wp-social-link wp-social-link-youtube  wp-block-social-link\"><a href=\"https:\/\/%20www.youtube.com\/@user-hl5ns2ef1t\" class=\"wp-block-social-link-anchor\"><svg width=\"24\" height=\"24\" viewBox=\"0 0 24 24\" version=\"1.1\" xmlns=\"http:\/\/www.w3.org\/2000\/svg\" aria-hidden=\"true\" focusable=\"false\"><path d=\"M21.8,8.001c0,0-0.195-1.378-0.795-1.985c-0.76-0.797-1.613-0.801-2.004-0.847c-2.799-0.202-6.997-0.202-6.997-0.202 h-0.009c0,0-4.198,0-6.997,0.202C4.608,5.216,3.756,5.22,2.995,6.016C2.395,6.623,2.2,8.001,2.2,8.001S2,9.62,2,11.238v1.517 c0,1.618,0.2,3.237,0.2,3.237s0.195,1.378,0.795,1.985c0.761,0.797,1.76,0.771,2.205,0.855c1.6,0.153,6.8,0.201,6.8,0.201 s4.203-0.006,7.001-0.209c0.391-0.047,1.243-0.051,2.004-0.847c0.6-0.607,0.795-1.985,0.795-1.985s0.2-1.618,0.2-3.237v-1.517 C22,9.62,21.8,8.001,21.8,8.001z M9.935,14.594l-0.001-5.62l5.404,2.82L9.935,14.594z\"><\/path><\/svg><span class=\"wp-block-social-link-label screen-reader-text\">YouTube<\/span><\/a><\/li><\/ul>\n\n\n\n<div class=\"wp-block-group alignfull has-global-padding is-layout-constrained wp-block-group-is-layout-constrained\">\n<div class=\"wp-block-group has-global-padding is-layout-constrained wp-block-group-is-layout-constrained\" style=\"padding-top:var(--wp--preset--spacing--small);padding-bottom:var(--wp--preset--spacing--small)\">\n<div style=\"height:53px\" aria-hidden=\"true\" class=\"wp-block-spacer\"><\/div>\n\n\n\n<div class=\"wp-block-columns is-layout-flex wp-container-core-columns-is-layout-c375d253 wp-block-columns-is-layout-flex\">\n<div class=\"wp-block-column is-vertically-aligned-center is-layout-flow wp-block-column-is-layout-flow\">\n<h2 class=\"wp-block-heading has-medium-font-size\" style=\"text-transform:uppercase\">Andre aktiviteter i n\u00e6rheden<\/h2>\n\n\n\n<p>G\u00e5rden ligger nogenlunde midt i Jylland og der er masser af aktiviteter og naturoplevelser i n\u00e6rheden. Eksempelvis er der en l\u00e6kker familievenlig bades\u00f8 kun 20 minutters k\u00f8rsel v\u00e6k med badebro og omkl\u00e6dningsfaciliteter. Man kan ogs\u00e5 tage i Legoland, som ligger ca. 40 min. k\u00f8rsel derfra. F\u00f8lg linket og se flere lokale oplevelser<\/p>\n\n\n\n<p>ps: her skal &#8220;i n\u00e6rheden&#8221; forst\u00e5s p\u00e5 jysk &#8211; dvs. at alt der er mindre en 30 minutter v\u00e6k i bil er lige rundt om hj\u00f8rnet<\/p>\n\n\n\n<div class=\"wp-block-buttons is-horizontal is-content-justification-left is-layout-flex wp-container-core-buttons-is-layout-20be11b6 wp-block-buttons-is-layout-flex\">\n<div class=\"wp-block-button is-style-outline is-style-outline--1\"><a class=\"wp-block-button__link wp-element-button\" href=\"https:\/\/hosfrkflugt.dk\/velkommen\/?page_id=138\" style=\"border-radius:0px\" target=\"_blank\" rel=\"noreferrer noopener\">Se andre aktiviteter<\/a><\/div>\n<\/div>\n\n\n\n<p><\/p>\n<\/div>\n\n\n\n<div class=\"wp-block-column is-layout-flow wp-block-column-is-layout-flow\">\n<figure class=\"wp-block-image alignleft size-large\"><img loading=\"lazy\" decoding=\"async\" width=\"1024\" height=\"485\" src=\"https:\/\/hosfrkflugt.dk\/velkommen\/wp-content\/uploads\/2025\/01\/20240626_104254-1024x485.jpg\" alt=\"\" class=\"wp-image-136\" srcset=\"https:\/\/hosfrkflugt.dk\/velkommen\/wp-content\/uploads\/2025\/01\/20240626_104254-1024x485.jpg 1024w, https:\/\/hosfrkflugt.dk\/velkommen\/wp-content\/uploads\/2025\/01\/20240626_104254-300x142.jpg 300w, https:\/\/hosfrkflugt.dk\/velkommen\/wp-content\/uploads\/2025\/01\/20240626_104254-2000x946.jpg 2000w\" sizes=\"auto, (max-width: 1024px) 100vw, 1024px\" \/><\/figure>\n<\/div>\n<\/div>\n\n\n\n<div style=\"height:30px\" aria-hidden=\"true\" class=\"wp-block-spacer\"><\/div>\n<\/div>\n<\/div>\n\n\n\n<div class=\"wp-block-group alignfull has-background has-global-padding is-layout-constrained wp-block-group-is-layout-constrained\" style=\"background-color:#f8f8f8\">\n<div class=\"wp-block-group has-global-padding is-layout-constrained wp-block-group-is-layout-constrained\" style=\"padding-top:var(--wp--preset--spacing--small);padding-bottom:var(--wp--preset--spacing--small)\">\n<div style=\"height:30px\" aria-hidden=\"true\" class=\"wp-block-spacer\"><\/div>\n\n\n\n<div class=\"wp-block-columns are-vertically-aligned-center is-layout-flex wp-container-core-columns-is-layout-c375d253 wp-block-columns-is-layout-flex\">\n<div class=\"wp-block-column is-vertically-aligned-center is-layout-flow wp-block-column-is-layout-flow\">\n<figure class=\"wp-block-image size-large\"><img loading=\"lazy\" decoding=\"async\" width=\"1024\" height=\"485\" src=\"https:\/\/hosfrkflugt.dk\/velkommen\/wp-content\/uploads\/2025\/01\/hoej1-1024x485.jpg\" alt=\"\" class=\"wp-image-90\" srcset=\"https:\/\/hosfrkflugt.dk\/velkommen\/wp-content\/uploads\/2025\/01\/hoej1-1024x485.jpg 1024w, https:\/\/hosfrkflugt.dk\/velkommen\/wp-content\/uploads\/2025\/01\/hoej1-300x142.jpg 300w, https:\/\/hosfrkflugt.dk\/velkommen\/wp-content\/uploads\/2025\/01\/hoej1-2000x946.jpg 2000w\" sizes=\"auto, (max-width: 1024px) 100vw, 1024px\" \/><\/figure>\n<\/div>\n\n\n\n<div class=\"wp-block-column is-vertically-aligned-center is-layout-flow wp-block-column-is-layout-flow\">\n<h2 class=\"wp-block-heading has-medium-font-size\" style=\"text-transform:uppercase\">Omr\u00e5dets natur<\/h2>\n\n\n\n<p>Under udbygning<\/p>\n\n\n\n<div class=\"wp-block-buttons is-layout-flex wp-block-buttons-is-layout-flex\">\n<div class=\"wp-block-button is-style-outline is-style-outline--2\"><a class=\"wp-block-button__link wp-element-button\" href=\"https:\/\/hosfrkflugt.dk\/velkommen\/?page_id=143\" style=\"border-radius:0px\">L\u00e6s mere om omr\u00e5det<\/a><\/div>\n<\/div>\n<\/div>\n<\/div>\n\n\n\n<div style=\"height:30px\" aria-hidden=\"true\" class=\"wp-block-spacer\"><\/div>\n<\/div>\n<\/div>\n\n\n\n<div class=\"wp-block-group alignfull portfolio-dark has-black-background-color has-background has-global-padding is-layout-constrained wp-block-group-is-layout-constrained\" id=\"portfolio\" style=\"margin-top:0px\">\n<div style=\"height:44px\" aria-hidden=\"true\" class=\"wp-block-spacer\"><\/div>\n<\/div>\n\n\n\n<div id=\"team\" class=\"wp-block-group has-global-padding is-layout-constrained wp-block-group-is-layout-constrained\">\n<div class=\"wp-block-group is-layout-flow wp-block-group-is-layout-flow\">\n<h2 class=\"wp-block-heading\">Dyrene p\u00e5 g\u00e5rden<\/h2>\n\n\n\n<div style=\"height:27px\" aria-hidden=\"true\" class=\"wp-block-spacer\"><\/div>\n\n\n\n<div style=\"height:0px\" aria-hidden=\"true\" class=\"wp-block-spacer\"><\/div>\n\n\n\n<div class=\"wp-block-columns is-layout-flex wp-container-core-columns-is-layout-28f84493 wp-block-columns-is-layout-flex\">\n<div class=\"wp-block-column is-style-default is-layout-flow wp-block-column-is-layout-flow\" style=\"border-style:none;border-width:0px;padding-top:0;padding-right:0;padding-bottom:0;padding-left:0\">\n<figure class=\"wp-block-image size-large is-resized\"><img loading=\"lazy\" decoding=\"async\" width=\"1431\" height=\"1908\" src=\"https:\/\/hosfrkflugt.dk\/velkommen\/wp-content\/uploads\/2025\/01\/Vile-Ve-Rakel-3-edited-1.jpg\" alt=\"\" class=\"wp-image-64\" style=\"width:305px;height:auto\" srcset=\"https:\/\/hosfrkflugt.dk\/velkommen\/wp-content\/uploads\/2025\/01\/Vile-Ve-Rakel-3-edited-1.jpg 1431w, https:\/\/hosfrkflugt.dk\/velkommen\/wp-content\/uploads\/2025\/01\/Vile-Ve-Rakel-3-edited-1-225x300.jpg 225w, https:\/\/hosfrkflugt.dk\/velkommen\/wp-content\/uploads\/2025\/01\/Vile-Ve-Rakel-3-edited-1-768x1024.jpg 768w\" sizes=\"auto, (max-width: 1431px) 100vw, 1431px\" \/><\/figure>\n\n\n\n<h3 class=\"wp-block-heading\">F\u00e5rene<\/h3>\n<\/div>\n\n\n\n<div class=\"wp-block-column is-style-default is-layout-flow wp-block-column-is-layout-flow\" style=\"border-style:none;border-width:0px;padding-top:0;padding-right:0;padding-bottom:0;padding-left:0\">\n<figure class=\"wp-block-image size-large is-resized\"><img loading=\"lazy\" decoding=\"async\" width=\"1205\" height=\"1808\" src=\"https:\/\/hosfrkflugt.dk\/velkommen\/wp-content\/uploads\/2025\/01\/Cassiopaia-2-edited-2.jpg\" alt=\"\" class=\"wp-image-68\" style=\"width:272px;height:auto\" srcset=\"https:\/\/hosfrkflugt.dk\/velkommen\/wp-content\/uploads\/2025\/01\/Cassiopaia-2-edited-2.jpg 1205w, https:\/\/hosfrkflugt.dk\/velkommen\/wp-content\/uploads\/2025\/01\/Cassiopaia-2-edited-2-200x300.jpg 200w, https:\/\/hosfrkflugt.dk\/velkommen\/wp-content\/uploads\/2025\/01\/Cassiopaia-2-edited-2-682x1024.jpg 682w\" sizes=\"auto, (max-width: 1205px) 100vw, 1205px\" \/><\/figure>\n\n\n\n<h3 class=\"wp-block-heading\">Kaninerne<\/h3>\n\n\n\n<p class=\"has-tertiary-color has-text-color has-link-color wp-elements-33e37b782feb13ad934aaf522c7267ba\"><\/p>\n<\/div>\n\n\n\n<div class=\"wp-block-column is-style-default is-layout-flow wp-block-column-is-layout-flow\" style=\"border-style:none;border-width:0px;padding-top:0;padding-right:0;padding-bottom:0;padding-left:0\">\n<figure class=\"wp-block-image size-large is-resized\"><img loading=\"lazy\" decoding=\"async\" width=\"1356\" height=\"2411\" src=\"https:\/\/hosfrkflugt.dk\/velkommen\/wp-content\/uploads\/2025\/01\/Ying-Yang-katte-2-edited-2.jpg\" alt=\"\" class=\"wp-image-74\" style=\"width:230px;height:auto\" srcset=\"https:\/\/hosfrkflugt.dk\/velkommen\/wp-content\/uploads\/2025\/01\/Ying-Yang-katte-2-edited-2.jpg 1356w, https:\/\/hosfrkflugt.dk\/velkommen\/wp-content\/uploads\/2025\/01\/Ying-Yang-katte-2-edited-2-169x300.jpg 169w, https:\/\/hosfrkflugt.dk\/velkommen\/wp-content\/uploads\/2025\/01\/Ying-Yang-katte-2-edited-2-576x1024.jpg 576w\" sizes=\"auto, (max-width: 1356px) 100vw, 1356px\" \/><\/figure>\n\n\n\n<h3 class=\"wp-block-heading\">Kattene<\/h3>\n\n\n\n<p class=\"has-tertiary-color has-text-color has-link-color wp-elements-33e37b782feb13ad934aaf522c7267ba\"><\/p>\n<\/div>\n<\/div>\n\n\n\n<div style=\"height:63px\" aria-hidden=\"true\" class=\"wp-block-spacer\"><\/div>\n\n\n\n<div class=\"wp-block-buttons is-content-justification-center is-layout-flex wp-container-core-buttons-is-layout-a89b3969 wp-block-buttons-is-layout-flex\">\n<div class=\"wp-block-button is-style-outline is-style-outline--3\"><a class=\"wp-block-button__link wp-element-button\" href=\"#\" style=\"border-radius:0px\">under udbygning<\/a><\/div>\n<\/div>\n\n\n\n<div style=\"height:81px\" aria-hidden=\"true\" class=\"wp-block-spacer\"><\/div>\n<\/div>\n<\/div>\n\n\n\n<div class=\"wp-block-cover alignfull has-parallax is-position-center-center\" style=\"border-radius:0px\"><span aria-hidden=\"true\" class=\"wp-block-cover__background has-black-background-color has-background-dim-40 has-background-dim\"><\/span><div class=\"wp-block-cover__image-background wp-image-194 has-parallax\" style=\"background-position:50% 50%;background-image:url(https:\/\/hosfrkflugt.dk\/velkommen\/wp-content\/uploads\/2025\/01\/20240704_200052-scaled.jpg)\"><\/div><div class=\"wp-block-cover__inner-container is-layout-flow wp-block-cover-is-layout-flow\">\n<div class=\"wp-block-group has-global-padding is-layout-constrained wp-block-group-is-layout-constrained\">\n<h3 class=\"wp-block-heading has-text-align-center has-text-color has-medium-font-size\" style=\"color:#fffffa;text-transform:uppercase\">Kom p\u00e5 bes\u00f8g og find roen<\/h3>\n\n\n\n<p class=\"has-text-align-center has-white-color has-text-color\">Landlivet er ikke en mirakelkur, men det giver nu alts\u00e5 noget ro i sindet at arbejde med sine h\u00e6nder mens man kigger ud over b\u00f8lgende, blomstrende gr\u00e6sser og markblomster &#8211; pr\u00f8v det selv (det skader i hvert fald ikke)<\/p>\n\n\n\n<div class=\"wp-block-buttons is-horizontal is-content-justification-center is-layout-flex wp-container-core-buttons-is-layout-03627597 wp-block-buttons-is-layout-flex\">\n<div class=\"wp-block-button\"><a class=\"wp-block-button__link wp-element-button\">skriv til Cecilie p\u00e5 kontakt@hosfrkflugt.dk<\/a><\/div>\n<\/div>\n<\/div>\n<\/div><\/div>\n\n\n\n<div id=\"news\" class=\"wp-block-group has-global-padding is-layout-constrained wp-block-group-is-layout-constrained\">\n<div style=\"height:108px\" aria-hidden=\"true\" class=\"wp-block-spacer\"><\/div>\n\n\n\n<div style=\"height:33px\" aria-hidden=\"true\" class=\"wp-block-spacer\"><\/div>\n\n\n\n<div class=\"wp-block-query is-layout-flow wp-block-query-is-layout-flow\"><\/div>\n\n\n\n<div style=\"height:85px\" aria-hidden=\"true\" class=\"wp-block-spacer\"><\/div>\n<\/div>\n\n\n\n<p><\/p>\n","protected":false},"excerpt":{"rendered":"<p>P\u00e5 sl\u00e6gtsg\u00e5rden midt i Jylland kan du pr\u00f8ve kr\u00e6fter med at spinde, passe dyr og meget mere Her kan du l\u00e6re om forarbejdning af uld fra f\u00e5r til garn, tilberedningen af h\u00f8r, honningh\u00f8stning og om pasningen af dyrene. I sommerperioden kan du ogs\u00e5 tage et ophold p\u00e5 g\u00e5rden og v\u00e6re med i de daglige g\u00f8rem\u00e5l &hellip; <\/p>\n<p class=\"link-more\"><a href=\"https:\/\/hosfrkflugt.dk\/velkommen\/\" class=\"more-link\">L\u00e6s mere<span class=\"screen-reader-text\"> \u201cHos frk. Flugt\u201d<\/span><\/a><\/p>\n","protected":false},"author":1,"featured_media":0,"parent":0,"menu_order":0,"comment_status":"closed","ping_status":"closed","template":"page-templates\/homepage-no-hero.php","meta":{"footnotes":""},"class_list":["post-9","page","type-page","status-publish","hentry"],"_links":{"self":[{"href":"https:\/\/hosfrkflugt.dk\/velkommen\/index.php?rest_route=\/wp\/v2\/pages\/9","targetHints":{"allow":["GET"]}}],"collection":[{"href":"https:\/\/hosfrkflugt.dk\/velkommen\/index.php?rest_route=\/wp\/v2\/pages"}],"about":[{"href":"https:\/\/hosfrkflugt.dk\/velkommen\/index.php?rest_route=\/wp\/v2\/types\/page"}],"author":[{"embeddable":true,"href":"https:\/\/hosfrkflugt.dk\/velkommen\/index.php?rest_route=\/wp\/v2\/users\/1"}],"replies":[{"embeddable":true,"href":"https:\/\/hosfrkflugt.dk\/velkommen\/index.php?rest_route=%2Fwp%2Fv2%2Fcomments&post=9"}],"version-history":[{"count":37,"href":"https:\/\/hosfrkflugt.dk\/velkommen\/index.php?rest_route=\/wp\/v2\/pages\/9\/revisions"}],"predecessor-version":[{"id":199,"href":"https:\/\/hosfrkflugt.dk\/velkommen\/index.php?rest_route=\/wp\/v2\/pages\/9\/revisions\/199"}],"wp:attachment":[{"href":"https:\/\/hosfrkflugt.dk\/velkommen\/index.php?rest_route=%2Fwp%2Fv2%2Fmedia&parent=9"}],"curies":[{"name":"wp","href":"https:\/\/api.w.org\/{rel}","templated":true}]}}