{"id":138,"date":"2025-01-29T14:34:06","date_gmt":"2025-01-29T14:34:06","guid":{"rendered":"https:\/\/hosfrkflugt.dk\/velkommen\/?page_id=138"},"modified":"2025-01-29T18:48:51","modified_gmt":"2025-01-29T18:48:51","slug":"andre-aktiviteter-i-naerheden","status":"publish","type":"page","link":"https:\/\/hosfrkflugt.dk\/velkommen\/?page_id=138","title":{"rendered":"Andre aktiviteter i n\u00e6rheden"},"content":{"rendered":"\n<p>Fra g\u00e5rden kan man tage p\u00e5 udflugt og f\u00e5 dejlige naturoplevelser eller bes\u00f8ge Legoland, Givskud Zoo eller en af de mange museer i n\u00e6rheden. Her har jeg samlet en lille oversigt som m\u00e5ske kan inspirere. Ellers kan man finde mere inspiration om Midt- og Vestjylland <a href=\"https:\/\/www.visitdenmark.dk\/danmark\/destinationer\/jylland\/vestjyske-oplevelser\">her<\/a> eller Sydjylland<a href=\"https:\/\/www.visitdenmark.dk\/danmark\/destinationer\/soenderjylland\"> her <\/a><\/p>\n\n\n\n<div class=\"wp-block-columns is-layout-flex wp-container-core-columns-is-layout-28f84493 wp-block-columns-is-layout-flex\">\n<div class=\"wp-block-column is-layout-flow wp-block-column-is-layout-flow\" style=\"flex-basis:100%\">\n<h2 class=\"wp-block-heading\">Familievenlige udflugtsm\u00e5l<\/h2>\n<\/div>\n<\/div>\n\n\n\n<div class=\"wp-block-group is-nowrap is-layout-flex wp-container-core-group-is-layout-6c531013 wp-block-group-is-layout-flex\">\n<div class=\"wp-block-columns is-layout-flex wp-container-core-columns-is-layout-28f84493 wp-block-columns-is-layout-flex\">\n<div class=\"wp-block-column is-layout-flow wp-block-column-is-layout-flow\" style=\"flex-basis:33.33%\">\n<figure class=\"wp-block-image size-full\"><img loading=\"lazy\" decoding=\"async\" width=\"510\" height=\"340\" src=\"https:\/\/hosfrkflugt.dk\/velkommen\/wp-content\/uploads\/2025\/01\/givskud_zootopia_2018_069.webp\" alt=\"\" class=\"wp-image-157\" srcset=\"https:\/\/hosfrkflugt.dk\/velkommen\/wp-content\/uploads\/2025\/01\/givskud_zootopia_2018_069.webp 510w, https:\/\/hosfrkflugt.dk\/velkommen\/wp-content\/uploads\/2025\/01\/givskud_zootopia_2018_069-300x200.webp 300w\" sizes=\"auto, (max-width: 510px) 100vw, 510px\" \/><\/figure>\n<\/div>\n\n\n\n<div class=\"wp-block-column is-vertically-aligned-center is-layout-flow wp-block-column-is-layout-flow\" style=\"flex-basis:66.66%\">\n<p><a href=\"https:\/\/www.givskudzoo.dk\/da\">Givskud Zoo<\/a> ligger ca. en halv times k\u00f8rsel fra g\u00e5rden og har mange sp\u00e6ndende oplevelser for store og sm\u00e5<\/p>\n<\/div>\n<\/div>\n<\/div>\n\n\n\n<div class=\"wp-block-columns is-layout-flex wp-container-core-columns-is-layout-28f84493 wp-block-columns-is-layout-flex\">\n<div class=\"wp-block-column is-vertically-aligned-center is-layout-flow wp-block-column-is-layout-flow\" style=\"flex-basis:33.33%\">\n<p><a href=\"https:\/\/maps.app.goo.gl\/QEs3KNkRdJG9uHxP6\">Arnborg bades\u00f8<\/a> ligger ca. 20 minutter v\u00e6k i bil. Her er ingen understr\u00f8m eller b\u00f8lger. Man kan g\u00e5 ud i vandet eller bade fra badebro og der er omkl\u00e6dningsfaciliteter. S\u00f8en er omgivet af et sand og vandet er klart (og s\u00e5 koster det gratis)<\/p>\n\n\n\n<p><\/p>\n<\/div>\n\n\n\n<div class=\"wp-block-column is-layout-flow wp-block-column-is-layout-flow\" style=\"flex-basis:66.66%\">\n<figure class=\"wp-block-gallery has-nested-images columns-default is-cropped wp-block-gallery-1 is-layout-flex wp-block-gallery-is-layout-flex\">\n<figure class=\"wp-block-image size-large\"><img loading=\"lazy\" decoding=\"async\" width=\"1024\" height=\"485\" data-id=\"160\" src=\"https:\/\/hosfrkflugt.dk\/velkommen\/wp-content\/uploads\/2025\/01\/20240626_104254-1-1024x485.jpg\" alt=\"\" class=\"wp-image-160\" srcset=\"https:\/\/hosfrkflugt.dk\/velkommen\/wp-content\/uploads\/2025\/01\/20240626_104254-1-1024x485.jpg 1024w, https:\/\/hosfrkflugt.dk\/velkommen\/wp-content\/uploads\/2025\/01\/20240626_104254-1-300x142.jpg 300w, https:\/\/hosfrkflugt.dk\/velkommen\/wp-content\/uploads\/2025\/01\/20240626_104254-1-2000x946.jpg 2000w\" sizes=\"auto, (max-width: 1024px) 100vw, 1024px\" \/><\/figure>\n<\/figure>\n<\/div>\n<\/div>\n\n\n\n<div class=\"wp-block-group is-nowrap is-layout-flex wp-container-core-group-is-layout-6c531013 wp-block-group-is-layout-flex\">\n<figure class=\"wp-block-image size-large is-resized\"><img loading=\"lazy\" decoding=\"async\" width=\"1024\" height=\"683\" src=\"https:\/\/hosfrkflugt.dk\/velkommen\/wp-content\/uploads\/2025\/01\/148_legoland_k1a3129_final-1024x683.jpg\" alt=\"\" class=\"wp-image-166\" style=\"width:599px;height:auto\" srcset=\"https:\/\/hosfrkflugt.dk\/velkommen\/wp-content\/uploads\/2025\/01\/148_legoland_k1a3129_final-1024x683.jpg 1024w, https:\/\/hosfrkflugt.dk\/velkommen\/wp-content\/uploads\/2025\/01\/148_legoland_k1a3129_final-300x200.jpg 300w, https:\/\/hosfrkflugt.dk\/velkommen\/wp-content\/uploads\/2025\/01\/148_legoland_k1a3129_final-2000x1334.jpg 2000w\" sizes=\"auto, (max-width: 1024px) 100vw, 1024px\" \/><\/figure>\n\n\n\n<p><a href=\"https:\/\/www.legoland.dk\/\">Legoland<\/a> ligger ca. 40 minutter v\u00e6k i bil og er selvsagt et popul\u00e6rt udflugtsm\u00e5l<\/p>\n<\/div>\n\n\n\n<div class=\"wp-block-columns is-layout-flex wp-container-core-columns-is-layout-28f84493 wp-block-columns-is-layout-flex\">\n<div class=\"wp-block-column is-vertically-aligned-center is-layout-flow wp-block-column-is-layout-flow\" style=\"flex-basis:33.33%\">\n<p><a href=\"https:\/\/www.visitherning.com\/node\/1037\">Herning<\/a> er altid et bes\u00f8g v\u00e6rd &#8211; her hyggelig g\u00e5gade, kultur og underholdning for b\u00f8rn og voksne. Personligt kan jeg anbefale <a href=\"https:\/\/babooncity.dk\/\">Baboon City<\/a> som er et k\u00e6mpe legeland.<\/p>\n<\/div>\n\n\n\n<div class=\"wp-block-column is-layout-flow wp-block-column-is-layout-flow\" style=\"flex-basis:66.66%\">\n<figure class=\"wp-block-image size-full\"><img loading=\"lazy\" decoding=\"async\" width=\"1024\" height=\"576\" src=\"https:\/\/hosfrkflugt.dk\/velkommen\/wp-content\/uploads\/2025\/01\/279819_Herning-Kirke-8-Jannie-1024x576-1.jpg\" alt=\"\" class=\"wp-image-168\" srcset=\"https:\/\/hosfrkflugt.dk\/velkommen\/wp-content\/uploads\/2025\/01\/279819_Herning-Kirke-8-Jannie-1024x576-1.jpg 1024w, https:\/\/hosfrkflugt.dk\/velkommen\/wp-content\/uploads\/2025\/01\/279819_Herning-Kirke-8-Jannie-1024x576-1-300x169.jpg 300w\" sizes=\"auto, (max-width: 1024px) 100vw, 1024px\" \/><\/figure>\n<\/div>\n<\/div>\n\n\n\n<div class=\"wp-block-columns is-layout-flex wp-container-core-columns-is-layout-28f84493 wp-block-columns-is-layout-flex\">\n<div class=\"wp-block-column is-layout-flow wp-block-column-is-layout-flow\" style=\"flex-basis:66.66%\">\n<figure class=\"wp-block-image size-large\"><img loading=\"lazy\" decoding=\"async\" width=\"1024\" height=\"682\" src=\"https:\/\/hosfrkflugt.dk\/velkommen\/wp-content\/uploads\/2025\/01\/borkv-1024x682.jpg\" alt=\"\" class=\"wp-image-181\" srcset=\"https:\/\/hosfrkflugt.dk\/velkommen\/wp-content\/uploads\/2025\/01\/borkv-1024x682.jpg 1024w, https:\/\/hosfrkflugt.dk\/velkommen\/wp-content\/uploads\/2025\/01\/borkv-300x200.jpg 300w, https:\/\/hosfrkflugt.dk\/velkommen\/wp-content\/uploads\/2025\/01\/borkv.jpg 2000w\" sizes=\"auto, (max-width: 1024px) 100vw, 1024px\" \/><\/figure>\n<\/div>\n\n\n\n<div class=\"wp-block-column is-vertically-aligned-center is-layout-flow wp-block-column-is-layout-flow\" style=\"flex-basis:33.33%\">\n<p>I <a href=\"https:\/\/ringkobingfjordmuseer.dk\/museer\/bork-vikingehavn\/\">Bork Vikingehavn<\/a> kan man om sommeren opleve, hvordan en vikingelandsby har set ud og pr\u00f8ve forskellige aktiviteter<\/p>\n<\/div>\n<\/div>\n\n\n\n<h2 class=\"wp-block-heading\">Oplevelser for voksne<\/h2>\n\n\n\n<div class=\"wp-block-columns is-layout-flex wp-container-core-columns-is-layout-28f84493 wp-block-columns-is-layout-flex\">\n<div class=\"wp-block-column is-layout-flow wp-block-column-is-layout-flow\" style=\"flex-basis:66.66%\">\n<figure class=\"wp-block-image size-large\"><img loading=\"lazy\" decoding=\"async\" width=\"1024\" height=\"539\" src=\"https:\/\/hosfrkflugt.dk\/velkommen\/wp-content\/uploads\/2025\/01\/presse-1-1536x809-1-1024x539.jpg\" alt=\"\" class=\"wp-image-170\" srcset=\"https:\/\/hosfrkflugt.dk\/velkommen\/wp-content\/uploads\/2025\/01\/presse-1-1536x809-1-1024x539.jpg 1024w, https:\/\/hosfrkflugt.dk\/velkommen\/wp-content\/uploads\/2025\/01\/presse-1-1536x809-1-300x158.jpg 300w, https:\/\/hosfrkflugt.dk\/velkommen\/wp-content\/uploads\/2025\/01\/presse-1-1536x809-1.jpg 1536w\" sizes=\"auto, (max-width: 1024px) 100vw, 1024px\" \/><\/figure>\n<\/div>\n\n\n\n<div class=\"wp-block-column is-vertically-aligned-center is-layout-flow wp-block-column-is-layout-flow\" style=\"flex-basis:33.33%\">\n<p><a href=\"https:\/\/www.deepforestartland.dk\/\">Deep Forest Art Land<\/a> &#8211; eller Skovsnogen er en kunstoplevelse midt i naturen kun 10 minutter fra g\u00e5rden. Det koster ingenting og er aldrig lukket<\/p>\n<\/div>\n<\/div>\n\n\n\n<div class=\"wp-block-columns is-layout-flex wp-container-core-columns-is-layout-28f84493 wp-block-columns-is-layout-flex\">\n<div class=\"wp-block-column is-vertically-aligned-center is-layout-flow wp-block-column-is-layout-flow\" style=\"flex-basis:33.33%\">\n<p><a href=\"https:\/\/natmus.dk\/museer-og-slotte\/kongernes-jelling\/\">Kongernes Jelling<\/a> er helt klart et bes\u00f8g v\u00e6rd&#8230;<\/p>\n<\/div>\n\n\n\n<div class=\"wp-block-column is-layout-flow wp-block-column-is-layout-flow\" style=\"flex-basis:66.66%\">\n<figure class=\"wp-block-image size-full is-resized\"><img loading=\"lazy\" decoding=\"async\" width=\"1200\" height=\"675\" src=\"https:\/\/hosfrkflugt.dk\/velkommen\/wp-content\/uploads\/2025\/01\/jelling2.jpeg\" alt=\"\" class=\"wp-image-174\" style=\"width:747px;height:auto\" srcset=\"https:\/\/hosfrkflugt.dk\/velkommen\/wp-content\/uploads\/2025\/01\/jelling2.jpeg 1200w, https:\/\/hosfrkflugt.dk\/velkommen\/wp-content\/uploads\/2025\/01\/jelling2-300x169.jpeg 300w, https:\/\/hosfrkflugt.dk\/velkommen\/wp-content\/uploads\/2025\/01\/jelling2-1024x576.jpeg 1024w\" sizes=\"auto, (max-width: 1200px) 100vw, 1200px\" \/><\/figure>\n<\/div>\n<\/div>\n\n\n\n<div class=\"wp-block-columns is-layout-flex wp-container-core-columns-is-layout-28f84493 wp-block-columns-is-layout-flex\">\n<div class=\"wp-block-column is-vertically-aligned-center is-layout-flow wp-block-column-is-layout-flow\" style=\"flex-basis:33.33%\">\n<p>&#8230;eller en af de nye sp\u00e6ndende museer i Syd- og S\u00f8nderjylland: <a href=\"https:\/\/www.hexmuseum.dk\/\">HEX <\/a>(Ribe), <a href=\"https:\/\/flugtmuseum.dk\/\">Flugt<\/a> (Oksb\u00f8l) eller <a href=\"https:\/\/tirpitz.dk\/\">Tirpitz<\/a> (Bl\u00e5vand)<\/p>\n<\/div>\n\n\n\n<div class=\"wp-block-column is-layout-flow wp-block-column-is-layout-flow\" style=\"flex-basis:66.66%\">\n<figure class=\"wp-block-image size-full\"><img loading=\"lazy\" decoding=\"async\" width=\"1024\" height=\"576\" src=\"https:\/\/hosfrkflugt.dk\/velkommen\/wp-content\/uploads\/2025\/01\/260741_hex-museum-udstilling-fra-butikken.webp\" alt=\"\" class=\"wp-image-175\" srcset=\"https:\/\/hosfrkflugt.dk\/velkommen\/wp-content\/uploads\/2025\/01\/260741_hex-museum-udstilling-fra-butikken.webp 1024w, https:\/\/hosfrkflugt.dk\/velkommen\/wp-content\/uploads\/2025\/01\/260741_hex-museum-udstilling-fra-butikken-300x169.webp 300w\" sizes=\"auto, (max-width: 1024px) 100vw, 1024px\" \/><\/figure>\n<\/div>\n<\/div>\n\n\n\n<div class=\"wp-block-columns are-vertically-aligned-center is-layout-flex wp-container-core-columns-is-layout-28f84493 wp-block-columns-is-layout-flex\">\n<div class=\"wp-block-column is-vertically-aligned-center is-layout-flow wp-block-column-is-layout-flow\" style=\"flex-basis:100%\">\n<div class=\"wp-block-group has-global-padding is-layout-constrained wp-block-group-is-layout-constrained\">\n<p>Man kan ogs\u00e5 tage p\u00e5 naturoplevelser (helt gratis) i naturomr\u00e5det <a href=\"https:\/\/naturstyrelsen.dk\/find-et-naturomraade\/naturguider\/midt-og-vestjylland\/tipperne\">Tipperne<\/a> ved Ringk\u00f8bing Fjord eller ud til <a href=\"https:\/\/naturstyrelsen.dk\/aktiviteter-i-naturen\/vandreruter\/100-udvalgte-vandreruter\/midt-og-vestjylland\/skjern-enge\">Skjern Enge<\/a>, hvor Skjern \u00c5 slynger sig igennem.<\/p>\n<\/div>\n<\/div>\n<\/div>\n\n\n\n<p>Og ellers er der jo altid det fantastiske Vesterhav! Der er ikke s\u00e5 meget mere at sige om det (billedet her er taget ved S\u00f8ndervig Strand i Juni 2023)<\/p>\n\n\n\n<figure class=\"wp-block-image size-large is-resized\"><img loading=\"lazy\" decoding=\"async\" width=\"1024\" height=\"485\" src=\"https:\/\/hosfrkflugt.dk\/velkommen\/wp-content\/uploads\/2025\/01\/20230616_102545-1024x485.jpg\" alt=\"\" class=\"wp-image-178\" style=\"width:1140px;height:auto\" srcset=\"https:\/\/hosfrkflugt.dk\/velkommen\/wp-content\/uploads\/2025\/01\/20230616_102545-1024x485.jpg 1024w, https:\/\/hosfrkflugt.dk\/velkommen\/wp-content\/uploads\/2025\/01\/20230616_102545-300x142.jpg 300w, https:\/\/hosfrkflugt.dk\/velkommen\/wp-content\/uploads\/2025\/01\/20230616_102545-2000x946.jpg 2000w\" sizes=\"auto, (max-width: 1024px) 100vw, 1024px\" \/><\/figure>\n","protected":false},"excerpt":{"rendered":"<p>Fra g\u00e5rden kan man tage p\u00e5 udflugt og f\u00e5 dejlige naturoplevelser eller bes\u00f8ge Legoland, Givskud Zoo eller en af de mange museer i n\u00e6rheden. Her har jeg samlet en lille oversigt som m\u00e5ske kan inspirere. Ellers kan man finde mere inspiration om Midt- og Vestjylland her eller Sydjylland her Familievenlige udflugtsm\u00e5l Givskud Zoo ligger ca. &hellip; <\/p>\n<p class=\"link-more\"><a href=\"https:\/\/hosfrkflugt.dk\/velkommen\/?page_id=138\" class=\"more-link\">L\u00e6s mere<span class=\"screen-reader-text\"> \u201cAndre aktiviteter i n\u00e6rheden\u201d<\/span><\/a><\/p>\n","protected":false},"author":1,"featured_media":0,"parent":9,"menu_order":0,"comment_status":"closed","ping_status":"closed","template":"","meta":{"footnotes":""},"class_list":["post-138","page","type-page","status-publish","hentry"],"_links":{"self":[{"href":"https:\/\/hosfrkflugt.dk\/velkommen\/index.php?rest_route=\/wp\/v2\/pages\/138","targetHints":{"allow":["GET"]}}],"collection":[{"href":"https:\/\/hosfrkflugt.dk\/velkommen\/index.php?rest_route=\/wp\/v2\/pages"}],"about":[{"href":"https:\/\/hosfrkflugt.dk\/velkommen\/index.php?rest_route=\/wp\/v2\/types\/page"}],"author":[{"embeddable":true,"href":"https:\/\/hosfrkflugt.dk\/velkommen\/index.php?rest_route=\/wp\/v2\/users\/1"}],"replies":[{"embeddable":true,"href":"https:\/\/hosfrkflugt.dk\/velkommen\/index.php?rest_route=%2Fwp%2Fv2%2Fcomments&post=138"}],"version-history":[{"count":19,"href":"https:\/\/hosfrkflugt.dk\/velkommen\/index.php?rest_route=\/wp\/v2\/pages\/138\/revisions"}],"predecessor-version":[{"id":182,"href":"https:\/\/hosfrkflugt.dk\/velkommen\/index.php?rest_route=\/wp\/v2\/pages\/138\/revisions\/182"}],"up":[{"embeddable":true,"href":"https:\/\/hosfrkflugt.dk\/velkommen\/index.php?rest_route=\/wp\/v2\/pages\/9"}],"wp:attachment":[{"href":"https:\/\/hosfrkflugt.dk\/velkommen\/index.php?rest_route=%2Fwp%2Fv2%2Fmedia&parent=138"}],"curies":[{"name":"wp","href":"https:\/\/api.w.org\/{rel}","templated":true}]}}